{"id":140,"date":"2018-11-27T17:25:32","date_gmt":"2018-11-27T16:25:32","guid":{"rendered":"https:\/\/portugueseplatform.pt\/2019\/2019\/?page_id=140"},"modified":"2019-05-09T14:19:59","modified_gmt":"2019-05-09T14:19:59","slug":"jury","status":"publish","type":"page","link":"https:\/\/portugueseplatform.pt\/2019\/jury\/","title":{"rendered":"Jury"},"content":{"rendered":"<section class=\"wpb-content-wrapper\"><p>[vc_row][vc_column width=&#8221;1\/4&#8243;]<div class=\"team-member design-two  \" >\r\n                    <div class=\"team-content\">\r\n                        <div class=\"team-image-overlay\"><\/div>\r\n                        <div class=\"team-image\"><img width=\"1025\" height=\"1124\" src=\"https:\/\/portugueseplatform.pt\/2019\/wp-content\/uploads\/2019\/02\/Antonio_Camara-blackwhite.jpg\" class=\"attachment-full\" alt=\"\" decoding=\"async\" loading=\"lazy\" title=\"Antonio_Camara-blackwhite\" srcset=\"https:\/\/portugueseplatform.pt\/2019\/wp-content\/uploads\/2019\/02\/Antonio_Camara-blackwhite.jpg 1025w, https:\/\/portugueseplatform.pt\/2019\/wp-content\/uploads\/2019\/02\/Antonio_Camara-blackwhite-274x300.jpg 274w, https:\/\/portugueseplatform.pt\/2019\/wp-content\/uploads\/2019\/02\/Antonio_Camara-blackwhite-768x842.jpg 768w, https:\/\/portugueseplatform.pt\/2019\/wp-content\/uploads\/2019\/02\/Antonio_Camara-blackwhite-934x1024.jpg 934w\" sizes=\"(max-width: 1025px) 100vw, 1025px\" \/><\/div>\r\n                        <div class=\"team-content-text\" >\r\n                        <div class=\"team-content-text-inner\">\r\n                        <h5 >Ant\u00f3nio C\u00e2mara Manuel<\/h5>\r\n                        <span class=\"team-subtitle\" ><\/span>\r\n                        <p >Graduated in Film Directing by the Escola Superior de Teatro e Cinema de Lisboa; He has also a degree in Interior Architecture by the Funda\u00e7\u00e3o Ricardo Esp\u00edrito Santo.<br \/>\nMaster in Cinema - cinematic storytelling by the Escola Superior de Teatro e Cinema de Lisboa.<br \/>\nCo-founder of Eira, Portuguese production structure for contemporary dance.<br \/>\nProduction Coordinator of Porto 2001 - European Capital of Culture.<br \/>\nHe works in films, performing arts, exhibitions and video art.<br \/>\nSince 2003 takes the direction of Festival Temps d'Images \u2013 Portugal<br \/>\nIn 2004 he founded DuplaCena, Lda.<br \/>\nSince 2009 takes the direction of Festival FUSO - anual de videoarte internacional de Lisboa.<\/p>\r\n                        <\/div><div class=\"team-socials\"><\/div>\r\n                        <div class=\"team-contact\"><\/div>\r\n                    <\/div>\r\n                    <\/div>\r\n                <\/div>[\/vc_column][vc_column width=&#8221;1\/4&#8243;]<div class=\"team-member design-two  \" >\r\n                    <div class=\"team-content\">\r\n                        <div class=\"team-image-overlay\"><\/div>\r\n                        <div class=\"team-image\"><img width=\"1025\" height=\"1124\" src=\"https:\/\/portugueseplatform.pt\/2019\/wp-content\/uploads\/2019\/02\/Claudia_Galhos-blackwhite.jpg\" class=\"attachment-full\" alt=\"\" decoding=\"async\" loading=\"lazy\" title=\"Claudia_Galhos-blackwhite\" srcset=\"https:\/\/portugueseplatform.pt\/2019\/wp-content\/uploads\/2019\/02\/Claudia_Galhos-blackwhite.jpg 1025w, https:\/\/portugueseplatform.pt\/2019\/wp-content\/uploads\/2019\/02\/Claudia_Galhos-blackwhite-274x300.jpg 274w, https:\/\/portugueseplatform.pt\/2019\/wp-content\/uploads\/2019\/02\/Claudia_Galhos-blackwhite-768x842.jpg 768w, https:\/\/portugueseplatform.pt\/2019\/wp-content\/uploads\/2019\/02\/Claudia_Galhos-blackwhite-934x1024.jpg 934w\" sizes=\"(max-width: 1025px) 100vw, 1025px\" \/><\/div>\r\n                        <div class=\"team-content-text\" >\r\n                        <div class=\"team-content-text-inner\">\r\n                        <h5 >Claudia Galhos<\/h5>\r\n                        <span class=\"team-subtitle\" ><\/span>\r\n                        <p >Journalist, dance specialist and author.<br \/>\nShe writes about dance and performance art since 1994 for different publications, and is the critic for Expresso newspaper since 2005. Is the author of \u201cBody of Strings \u2013 10 years of Paulo Ribeiro\u2019s Company\u201d (Portugal, 2006); \u201cPina Bausch \u2013 Feel More\u201d (Portugal, 2010); \u201c15 years of O Espa\u00e7o do Tempo\u201d (Choreographic Centre of Montemor-o-Novo, directed by choreographer Rui Horta, 2016) among others.<\/p>\r\n                        <\/div><div class=\"team-socials\"><\/div>\r\n                        <div class=\"team-contact\"><\/div>\r\n                    <\/div>\r\n                    <\/div>\r\n                <\/div>[\/vc_column][vc_column width=&#8221;1\/4&#8243;]<div class=\"team-member design-two  \" >\r\n                    <div class=\"team-content\">\r\n                        <div class=\"team-image-overlay\"><\/div>\r\n                        <div class=\"team-image\"><img width=\"1025\" height=\"1124\" src=\"https:\/\/portugueseplatform.pt\/2019\/wp-content\/uploads\/2019\/02\/Francisco_Frazao-blackwhite.jpg\" class=\"attachment-full\" alt=\"\" decoding=\"async\" loading=\"lazy\" title=\"Francisco_Frazao-blackwhite\" srcset=\"https:\/\/portugueseplatform.pt\/2019\/wp-content\/uploads\/2019\/02\/Francisco_Frazao-blackwhite.jpg 1025w, https:\/\/portugueseplatform.pt\/2019\/wp-content\/uploads\/2019\/02\/Francisco_Frazao-blackwhite-274x300.jpg 274w, https:\/\/portugueseplatform.pt\/2019\/wp-content\/uploads\/2019\/02\/Francisco_Frazao-blackwhite-768x842.jpg 768w, https:\/\/portugueseplatform.pt\/2019\/wp-content\/uploads\/2019\/02\/Francisco_Frazao-blackwhite-934x1024.jpg 934w\" sizes=\"(max-width: 1025px) 100vw, 1025px\" \/><\/div>\r\n                        <div class=\"team-content-text\" >\r\n                        <div class=\"team-content-text-inner\">\r\n                        <h5 >Francisco Fraz\u00e3o<\/h5>\r\n                        <span class=\"team-subtitle\" ><\/span>\r\n                        <p >Is artistic director of Teatro do Bairro Alto, a Lisbon city theatre devoted to experimental, emerging and international work. From 2004 to 2017 he was theatre programmer at arts centre Culturgest. He has worked as translator and dramaturg (namely for theatre company Artistas Unidos) and has written and taught classes and seminars on theatre, film and literature.<\/p>\r\n                        <\/div><div class=\"team-socials\"><\/div>\r\n                        <div class=\"team-contact\"><\/div>\r\n                    <\/div>\r\n                    <\/div>\r\n                <\/div>[\/vc_column][vc_column width=&#8221;1\/4&#8243;]<div class=\"team-member design-two  \" >\r\n                    <div class=\"team-content\">\r\n                        <div class=\"team-image-overlay\"><\/div>\r\n                        <div class=\"team-image\"><img width=\"1869\" height=\"2000\" src=\"https:\/\/portugueseplatform.pt\/2019\/wp-content\/uploads\/2019\/05\/020_John-Romao_2019_i_\u00a9brunosimao_.jpg\" class=\"attachment-full\" alt=\"\" decoding=\"async\" loading=\"lazy\" title=\"020_John Romao_2019_i_\u00a9brunosimao_\" srcset=\"https:\/\/portugueseplatform.pt\/2019\/wp-content\/uploads\/2019\/05\/020_John-Romao_2019_i_\u00a9brunosimao_.jpg 1869w, https:\/\/portugueseplatform.pt\/2019\/wp-content\/uploads\/2019\/05\/020_John-Romao_2019_i_\u00a9brunosimao_-280x300.jpg 280w, https:\/\/portugueseplatform.pt\/2019\/wp-content\/uploads\/2019\/05\/020_John-Romao_2019_i_\u00a9brunosimao_-768x822.jpg 768w, https:\/\/portugueseplatform.pt\/2019\/wp-content\/uploads\/2019\/05\/020_John-Romao_2019_i_\u00a9brunosimao_-957x1024.jpg 957w\" sizes=\"(max-width: 1869px) 100vw, 1869px\" \/><\/div>\r\n                        <div class=\"team-content-text\" >\r\n                        <div class=\"team-content-text-inner\">\r\n                        <h5 >John Rom\u00e3o<\/h5>\r\n                        <span class=\"team-subtitle\" ><\/span>\r\n                        <p >Artistic director and programmer of BoCA - Biennial of Contemporary Arts (Lisbon &amp; Porto). During 11 years, he assisted the theatre director Rodrigo Garc\u00eda and collaborated with Romeo Castellucci. Since 2002, he has been directing several theatre pieces. He has taught theatre and performance at universities.<\/p>\r\n                        <\/div><div class=\"team-socials\"><\/div>\r\n                        <div class=\"team-contact\"><\/div>\r\n                    <\/div>\r\n                    <\/div>\r\n                <\/div>[\/vc_column][\/vc_row][vc_row][vc_column width=&#8221;1\/4&#8243;]<div class=\"team-member design-two  \" >\r\n                    <div class=\"team-content\">\r\n                        <div class=\"team-image-overlay\"><\/div>\r\n                        <div class=\"team-image\"><img width=\"2858\" height=\"3119\" src=\"https:\/\/portugueseplatform.pt\/2019\/wp-content\/uploads\/2019\/03\/MJ-presspic-1.png\" class=\"attachment-full\" alt=\"\" decoding=\"async\" loading=\"lazy\" title=\"MJ presspic-1\" srcset=\"https:\/\/portugueseplatform.pt\/2019\/wp-content\/uploads\/2019\/03\/MJ-presspic-1.png 2858w, https:\/\/portugueseplatform.pt\/2019\/wp-content\/uploads\/2019\/03\/MJ-presspic-1-275x300.png 275w, https:\/\/portugueseplatform.pt\/2019\/wp-content\/uploads\/2019\/03\/MJ-presspic-1-768x838.png 768w, https:\/\/portugueseplatform.pt\/2019\/wp-content\/uploads\/2019\/03\/MJ-presspic-1-938x1024.png 938w\" sizes=\"(max-width: 2858px) 100vw, 2858px\" \/><\/div>\r\n                        <div class=\"team-content-text\" >\r\n                        <div class=\"team-content-text-inner\">\r\n                        <h5 >Maria Jo\u00e3o Guard\u00e3o<\/h5>\r\n                        <span class=\"team-subtitle\" ><\/span>\r\n                        <p >(Mozambique, 1965) is a journalist and a filmmaker, living and working in Lisboa. She graduated in Media Studies, trained in Documentary Filmaking at Ateliers Varan and founded the production company DESmedida filmes. She directed several documentary films and works as a cultural journalist for newspapers, television, editorial and online projects, as well as for Teatro Nacional D.Maria II.<\/p>\r\n                        <\/div><div class=\"team-socials\"><\/div>\r\n                        <div class=\"team-contact\"><\/div>\r\n                    <\/div>\r\n                    <\/div>\r\n                <\/div>[\/vc_column][vc_column width=&#8221;1\/4&#8243;]<div class=\"team-member design-two  \" >\r\n                    <div class=\"team-content\">\r\n                        <div class=\"team-image-overlay\"><\/div>\r\n                        <div class=\"team-image\"><img width=\"1025\" height=\"1124\" src=\"https:\/\/portugueseplatform.pt\/2019\/wp-content\/uploads\/2019\/02\/Mickael_de_Oliveira-blackwhite.jpg\" class=\"attachment-full\" alt=\"\" decoding=\"async\" loading=\"lazy\" title=\"Mickael_de_Oliveira-blackwhite\" srcset=\"https:\/\/portugueseplatform.pt\/2019\/wp-content\/uploads\/2019\/02\/Mickael_de_Oliveira-blackwhite.jpg 1025w, https:\/\/portugueseplatform.pt\/2019\/wp-content\/uploads\/2019\/02\/Mickael_de_Oliveira-blackwhite-274x300.jpg 274w, https:\/\/portugueseplatform.pt\/2019\/wp-content\/uploads\/2019\/02\/Mickael_de_Oliveira-blackwhite-768x842.jpg 768w, https:\/\/portugueseplatform.pt\/2019\/wp-content\/uploads\/2019\/02\/Mickael_de_Oliveira-blackwhite-934x1024.jpg 934w\" sizes=\"(max-width: 1025px) 100vw, 1025px\" \/><\/div>\r\n                        <div class=\"team-content-text\" >\r\n                        <div class=\"team-content-text-inner\">\r\n                        <h5 >Mickael de Oliveira<\/h5>\r\n                        <span class=\"team-subtitle\" ><\/span>\r\n                        <p >was born in France, in 1984, and has lived in Portugal since 1999. In 2013, he got his Ph.D. in contemporary Portuguese and European dramaturgy from the School of Humanities \u2013 University of Lisbon, where he is post-doctoral fellow researching the presence of literature in contemporary theatre and dance. In 2008, Mickael cofounded Colectivo 84, the theatre company for which he develops playwriting and directing projects. He has served as the artistic director of END (New Dramaturgy Encounters) and also he was Assistant Professor of Arts Administration and Artistic Studies at the School of Education and Humanities (Leiria), guest Lecturer at the School of Theatre and Film Studies (Lisbon), and guest Assistant Professor at the School of Humanities \u2013 University of Coimbra. From September 2011 to August 2015, Mickael was Vice-Director of the Gil Vicente Academic Theatre (Coimbra).<\/p>\r\n                        <\/div><div class=\"team-socials\"><\/div>\r\n                        <div class=\"team-contact\"><\/div>\r\n                    <\/div>\r\n                    <\/div>\r\n                <\/div>[\/vc_column][vc_column width=&#8221;1\/4&#8243;]<div class=\"team-member design-two  \" >\r\n                    <div class=\"team-content\">\r\n                        <div class=\"team-image-overlay\"><\/div>\r\n                        <div class=\"team-image\"><img width=\"1025\" height=\"1124\" src=\"https:\/\/portugueseplatform.pt\/2019\/wp-content\/uploads\/2019\/02\/Paula_Garcia.jpg\" class=\"attachment-full\" alt=\"\" decoding=\"async\" loading=\"lazy\" title=\"Paula_Garcia\" srcset=\"https:\/\/portugueseplatform.pt\/2019\/wp-content\/uploads\/2019\/02\/Paula_Garcia.jpg 1025w, https:\/\/portugueseplatform.pt\/2019\/wp-content\/uploads\/2019\/02\/Paula_Garcia-274x300.jpg 274w, https:\/\/portugueseplatform.pt\/2019\/wp-content\/uploads\/2019\/02\/Paula_Garcia-768x842.jpg 768w, https:\/\/portugueseplatform.pt\/2019\/wp-content\/uploads\/2019\/02\/Paula_Garcia-934x1024.jpg 934w\" sizes=\"(max-width: 1025px) 100vw, 1025px\" \/><\/div>\r\n                        <div class=\"team-content-text\" >\r\n                        <div class=\"team-content-text-inner\">\r\n                        <h5 >Paula Garcia<\/h5>\r\n                        <span class=\"team-subtitle\" ><\/span>\r\n                        <p >Paula Garcia's career in Teatro Viriato began in 1998 and since then she has actively collaborated in the definition of the institution's programming strategy; in the creation \/ consolidation of national and international partnership relations; as well as in the development of concepts and artistic content that have built Teatro Viriato's own production projects. She is responsible for the design and implementation of artistic projects of extraversion and with a great impact at the national level. In recent years she has been invited to speak at national and international conferences and meetings. In December 2016 she was appointed General Director and Programming Director of Teatro Viriato.<\/p>\r\n                        <\/div><div class=\"team-socials\"><\/div>\r\n                        <div class=\"team-contact\"><\/div>\r\n                    <\/div>\r\n                    <\/div>\r\n                <\/div>[\/vc_column][vc_column width=&#8221;1\/4&#8243;]<div class=\"team-member design-two  \" >\r\n                    <div class=\"team-content\">\r\n                        <div class=\"team-image-overlay\"><\/div>\r\n                        <div class=\"team-image\"><img width=\"1025\" height=\"1124\" src=\"https:\/\/portugueseplatform.pt\/2019\/wp-content\/uploads\/2019\/02\/Pia_Kramer.jpg\" class=\"attachment-full\" alt=\"\" decoding=\"async\" loading=\"lazy\" title=\"Pia_Kramer\" srcset=\"https:\/\/portugueseplatform.pt\/2019\/wp-content\/uploads\/2019\/02\/Pia_Kramer.jpg 1025w, https:\/\/portugueseplatform.pt\/2019\/wp-content\/uploads\/2019\/02\/Pia_Kramer-274x300.jpg 274w, https:\/\/portugueseplatform.pt\/2019\/wp-content\/uploads\/2019\/02\/Pia_Kramer-768x842.jpg 768w, https:\/\/portugueseplatform.pt\/2019\/wp-content\/uploads\/2019\/02\/Pia_Kramer-934x1024.jpg 934w\" sizes=\"(max-width: 1025px) 100vw, 1025px\" \/><\/div>\r\n                        <div class=\"team-content-text\" >\r\n                        <div class=\"team-content-text-inner\">\r\n                        <h5 >Pia Kr\u00e4mer<\/h5>\r\n                        <span class=\"team-subtitle\" ><\/span>\r\n                        <p >Is programming director in Espa\u00e7o do Tempo. She is also responsible for the international networks, collaborations, partnerships and works as mentor for the artists in residency. She is the Portugese partner for Aerowaves platform and the actual president of the European Dancehouse Network EDN.<\/p>\r\n                        <\/div><div class=\"team-socials\"><\/div>\r\n                        <div class=\"team-contact\"><\/div>\r\n                    <\/div>\r\n                    <\/div>\r\n                <\/div>[\/vc_column][\/vc_row][vc_row][vc_column width=&#8221;1\/4&#8243;]<div class=\"team-member design-two  \" >\r\n                    <div class=\"team-content\">\r\n                        <div class=\"team-image-overlay\"><\/div>\r\n                        <div class=\"team-image\"><img width=\"1025\" height=\"1124\" src=\"https:\/\/portugueseplatform.pt\/2019\/wp-content\/uploads\/2019\/02\/Rui_Horta-blackwhite.jpg\" class=\"attachment-full\" alt=\"\" decoding=\"async\" loading=\"lazy\" title=\"Rui_Horta-blackwhite\" srcset=\"https:\/\/portugueseplatform.pt\/2019\/wp-content\/uploads\/2019\/02\/Rui_Horta-blackwhite.jpg 1025w, https:\/\/portugueseplatform.pt\/2019\/wp-content\/uploads\/2019\/02\/Rui_Horta-blackwhite-274x300.jpg 274w, https:\/\/portugueseplatform.pt\/2019\/wp-content\/uploads\/2019\/02\/Rui_Horta-blackwhite-768x842.jpg 768w, https:\/\/portugueseplatform.pt\/2019\/wp-content\/uploads\/2019\/02\/Rui_Horta-blackwhite-934x1024.jpg 934w\" sizes=\"(max-width: 1025px) 100vw, 1025px\" \/><\/div>\r\n                        <div class=\"team-content-text\" >\r\n                        <div class=\"team-content-text-inner\">\r\n                        <h5 >Rui Horta<\/h5>\r\n                        <span class=\"team-subtitle\" ><\/span>\r\n                        <p >Born in Portugal, was one of the most influencial choreographers in his generation. His work was presented in main theatres and festivals all over the world such as Theatre de la Ville in Paris (that co-produced his work for over a decade), the Joyce in New York, or the Spyral Hall in Tokyo, having for several years directed SOAP at the Mousonturm in Frankfurt. He has created for many companies such as Neederlands Dance Theatre II, Cullberg Ballet or the Grand Ballet de l\u2019Opera de Gen\u00e9ve. Since 2000 he lives in Montemor-o-Novo in Portugal, where he established O Espa\u00e7o do Tempo, a cross disciplinary research center devoted to the performing arts.<\/p>\r\n                        <\/div><div class=\"team-socials\"><\/div>\r\n                        <div class=\"team-contact\"><\/div>\r\n                    <\/div>\r\n                    <\/div>\r\n                <\/div>[\/vc_column][vc_column width=&#8221;1\/4&#8243;]<div class=\"team-member design-two  \" >\r\n                    <div class=\"team-content\">\r\n                        <div class=\"team-image-overlay\"><\/div>\r\n                        <div class=\"team-image\"><img width=\"1025\" height=\"1124\" src=\"https:\/\/portugueseplatform.pt\/2019\/wp-content\/uploads\/2019\/02\/Rui_Torrinha-blackwhite.jpg\" class=\"attachment-full\" alt=\"\" decoding=\"async\" loading=\"lazy\" title=\"Rui_Torrinha-blackwhite\" srcset=\"https:\/\/portugueseplatform.pt\/2019\/wp-content\/uploads\/2019\/02\/Rui_Torrinha-blackwhite.jpg 1025w, https:\/\/portugueseplatform.pt\/2019\/wp-content\/uploads\/2019\/02\/Rui_Torrinha-blackwhite-274x300.jpg 274w, https:\/\/portugueseplatform.pt\/2019\/wp-content\/uploads\/2019\/02\/Rui_Torrinha-blackwhite-768x842.jpg 768w, https:\/\/portugueseplatform.pt\/2019\/wp-content\/uploads\/2019\/02\/Rui_Torrinha-blackwhite-934x1024.jpg 934w\" sizes=\"(max-width: 1025px) 100vw, 1025px\" \/><\/div>\r\n                        <div class=\"team-content-text\" >\r\n                        <div class=\"team-content-text-inner\">\r\n                        <h5 >Rui Torrinha<\/h5>\r\n                        <span class=\"team-subtitle\" ><\/span>\r\n                        <p >Is currently co-artistic director of A Oficina and in charge of its International Network folder. He\u2019s the director of Centro Cultural Vila Flor (CCVF) and annual festivals like GUIdance, Westway LAB and Gil Vicente, covering different arts such as contemporary dance, music, theatre and contemporary circus along with CCVF's intense regular programming throughout the entire year. He also runs EU projects (ex: INES, CircusNext) and both national\/international networks, the coproduction support scheme and the artistic residencies plan taking place at Centro de Cria\u00e7\u00e3o de Candoso (CCC). He was part of the programming team for Guimar\u00e3es 2012, European Capital of Culture.<\/p>\r\n                        <\/div><div class=\"team-socials\"><\/div>\r\n                        <div class=\"team-contact\"><\/div>\r\n                    <\/div>\r\n                    <\/div>\r\n                <\/div>[\/vc_column][vc_column width=&#8221;1\/4&#8243;]<div class=\"team-member design-two  \" >\r\n                    <div class=\"team-content\">\r\n                        <div class=\"team-image-overlay\"><\/div>\r\n                        <div class=\"team-image\"><img width=\"1025\" height=\"1124\" src=\"https:\/\/portugueseplatform.pt\/2019\/wp-content\/uploads\/2019\/02\/Tiago_Rodrigues-blackwhite.jpg\" class=\"attachment-full\" alt=\"\" decoding=\"async\" loading=\"lazy\" title=\"Tiago_Rodrigues-blackwhite\" srcset=\"https:\/\/portugueseplatform.pt\/2019\/wp-content\/uploads\/2019\/02\/Tiago_Rodrigues-blackwhite.jpg 1025w, https:\/\/portugueseplatform.pt\/2019\/wp-content\/uploads\/2019\/02\/Tiago_Rodrigues-blackwhite-274x300.jpg 274w, https:\/\/portugueseplatform.pt\/2019\/wp-content\/uploads\/2019\/02\/Tiago_Rodrigues-blackwhite-768x842.jpg 768w, https:\/\/portugueseplatform.pt\/2019\/wp-content\/uploads\/2019\/02\/Tiago_Rodrigues-blackwhite-934x1024.jpg 934w\" sizes=\"(max-width: 1025px) 100vw, 1025px\" \/><\/div>\r\n                        <div class=\"team-content-text\" >\r\n                        <div class=\"team-content-text-inner\">\r\n                        <h5 >Tiago Rodrigues<\/h5>\r\n                        <span class=\"team-subtitle\" ><\/span>\r\n                        <p >Tiago Rodrigues is a director, playwright and actor. In 2003, he founded the company Mundo Perfeito with Magda Bizarro and, since 2015, he is artistic director of the D. Maria II National Theater. His work has been presented and co-produced by some of the most important European theaters and festivals. Among his most recent pieces are ``Sopro``, ``Ant\u00f3nio and Cleopatra`` and ``By Heart``. He won the European Theater Award - Theatrical Realities in 2018.<\/p>\r\n                        <\/div><div class=\"team-socials\"><\/div>\r\n                        <div class=\"team-contact\"><\/div>\r\n                    <\/div>\r\n                    <\/div>\r\n                <\/div>[\/vc_column][vc_column width=&#8221;1\/4&#8243;][\/vc_column][\/vc_row]<\/p>\n<\/section>","protected":false},"excerpt":{"rendered":"<p>[vc_row][vc_column width=&#8221;1\/4&#8243;][\/vc_column][vc_column width=&#8221;1\/4&#8243;][\/vc_column][vc_column width=&#8221;1\/4&#8243;][\/vc_column][vc_column width=&#8221;1\/4&#8243;][\/vc_column][\/vc_row][vc_row][vc_column width=&#8221;1\/4&#8243;][\/vc_column][vc_column width=&#8221;1\/4&#8243;][\/vc_column][vc_column width=&#8221;1\/4&#8243;][\/vc_column][vc_column width=&#8221;1\/4&#8243;][\/vc_column][\/vc_row][vc_row][vc_column width=&#8221;1\/4&#8243;][\/vc_column][vc_column width=&#8221;1\/4&#8243;][\/vc_column][vc_column width=&#8221;1\/4&#8243;][\/vc_column][vc_column width=&#8221;1\/4&#8243;][\/vc_column][\/vc_row]<\/p>\n","protected":false},"author":1,"featured_media":0,"parent":0,"menu_order":0,"comment_status":"closed","ping_status":"closed","template":"","meta":[],"_links":{"self":[{"href":"https:\/\/portugueseplatform.pt\/2019\/wp-json\/wp\/v2\/pages\/140"}],"collection":[{"href":"https:\/\/portugueseplatform.pt\/2019\/wp-json\/wp\/v2\/pages"}],"about":[{"href":"https:\/\/portugueseplatform.pt\/2019\/wp-json\/wp\/v2\/types\/page"}],"author":[{"embeddable":true,"href":"https:\/\/portugueseplatform.pt\/2019\/wp-json\/wp\/v2\/users\/1"}],"replies":[{"embeddable":true,"href":"https:\/\/portugueseplatform.pt\/2019\/wp-json\/wp\/v2\/comments?post=140"}],"version-history":[{"count":22,"href":"https:\/\/portugueseplatform.pt\/2019\/wp-json\/wp\/v2\/pages\/140\/revisions"}],"predecessor-version":[{"id":1076,"href":"https:\/\/portugueseplatform.pt\/2019\/wp-json\/wp\/v2\/pages\/140\/revisions\/1076"}],"wp:attachment":[{"href":"https:\/\/portugueseplatform.pt\/2019\/wp-json\/wp\/v2\/media?parent=140"}],"curies":[{"name":"wp","href":"https:\/\/api.w.org\/{rel}","templated":true}]}}